{"id":6088,"date":"2020-03-30T12:52:57","date_gmt":"2020-03-30T12:52:57","guid":{"rendered":"https:\/\/pronexos.com\/ueber\/akkreditierungen-und-mitgliedschaften\/"},"modified":"2024-03-20T13:14:52","modified_gmt":"2024-03-20T13:14:52","slug":"akkreditierungen-und-mitgliedschaften","status":"publish","type":"page","link":"https:\/\/www.pronexos.com\/de\/uber\/akkreditierungen-und-mitgliedschaften\/","title":{"rendered":"Akkreditierungen und Mitgliedschaften"},"content":{"rendered":"<h2><strong>Akkreditierungen und Mitgliedschaften<\/strong><\/h2>\n<p class=\"standfirst\">Pronexos kann folgende Akkreditierungen und Mitgliedschaften vorweisen:<\/p>\n<ul>\n<li>ISO 9001:2015 Qualit\u00e4tsmanagementsysteme<\/li>\n<li>ISO 14001:2015 Umweltmanagementsysteme<\/li>\n<li>EN 9100:2009 Qualit\u00e4tsmanagementsysteme \u2013 Anforderungen an Organisationen der Luftfahrt, Raumfahrt und Verteidigung (f\u00fcr das Hochtemperaturl\u00f6ten und die W\u00e4rmebehandlung)<\/li>\n<li>NAG \u2013 Wir sind Mitglied der Netherlands Aerospace Group<\/li>\n<li>ERA &#8211; Wir sind Mitglied der European Rotogravure Association<\/li>\n<\/ul>\n","protected":false},"excerpt":{"rendered":"<p>Unsere Akkreditierungen und Mitgliedschaften<\/p>\n","protected":false},"author":1,"featured_media":5179,"parent":1475,"menu_order":0,"comment_status":"closed","ping_status":"closed","template":"","meta":{"_acf_changed":false,"footnotes":""},"class_list":["post-6088","page","type-page","status-publish","has-post-thumbnail","hentry"],"acf":[],"yoast_head":"<!-- This site is optimized with the Yoast SEO plugin v25.0 - https:\/\/yoast.com\/wordpress\/plugins\/seo\/ -->\n<title>Unsere Akkreditierungen und Mitgliedschaften \u2013 Pronexos<\/title>\n<meta name=\"description\" content=\"Unsere Akkreditierungen und Mitgliedschaften \u2013 Pronexos\" \/>\n<meta name=\"robots\" content=\"index, follow, max-snippet:-1, max-image-preview:large, max-video-preview:-1\" \/>\n<link rel=\"canonical\" href=\"https:\/\/www.pronexos.com\/de\/uber\/akkreditierungen-und-mitgliedschaften\/\" \/>\n<meta property=\"og:locale\" content=\"de_DE\" \/>\n<meta property=\"og:type\" content=\"article\" \/>\n<meta property=\"og:title\" content=\"Unsere Akkreditierungen und Mitgliedschaften \u2013 Pronexos\" \/>\n<meta property=\"og:description\" content=\"Unsere Akkreditierungen und Mitgliedschaften \u2013 Pronexos\" \/>\n<meta property=\"og:url\" content=\"https:\/\/www.pronexos.com\/de\/uber\/akkreditierungen-und-mitgliedschaften\/\" \/>\n<meta property=\"og:site_name\" content=\"Pronexos\" \/>\n<meta property=\"article:modified_time\" content=\"2024-03-20T13:14:52+00:00\" \/>\n<meta property=\"og:image\" content=\"https:\/\/www.pronexos.com\/app\/uploads\/2020\/01\/banner.jpg\" \/>\n\t<meta property=\"og:image:width\" content=\"2730\" \/>\n\t<meta property=\"og:image:height\" content=\"700\" \/>\n\t<meta property=\"og:image:type\" content=\"image\/jpeg\" \/>\n<meta name=\"twitter:card\" content=\"summary_large_image\" \/>\n<script type=\"application\/ld+json\" class=\"yoast-schema-graph\">{\"@context\":\"https:\/\/schema.org\",\"@graph\":[{\"@type\":\"WebPage\",\"@id\":\"https:\/\/www.pronexos.com\/de\/uber\/akkreditierungen-und-mitgliedschaften\/\",\"url\":\"https:\/\/www.pronexos.com\/de\/uber\/akkreditierungen-und-mitgliedschaften\/\",\"name\":\"Unsere Akkreditierungen und Mitgliedschaften \u2013 Pronexos\",\"isPartOf\":{\"@id\":\"https:\/\/www.pronexos.com\/#website\"},\"primaryImageOfPage\":{\"@id\":\"https:\/\/www.pronexos.com\/de\/uber\/akkreditierungen-und-mitgliedschaften\/#primaryimage\"},\"image\":{\"@id\":\"https:\/\/www.pronexos.com\/de\/uber\/akkreditierungen-und-mitgliedschaften\/#primaryimage\"},\"thumbnailUrl\":\"https:\/\/www.pronexos.com\/app\/uploads\/2020\/01\/banner.jpg\",\"datePublished\":\"2020-03-30T12:52:57+00:00\",\"dateModified\":\"2024-03-20T13:14:52+00:00\",\"description\":\"Unsere Akkreditierungen und Mitgliedschaften \u2013 Pronexos\",\"breadcrumb\":{\"@id\":\"https:\/\/www.pronexos.com\/de\/uber\/akkreditierungen-und-mitgliedschaften\/#breadcrumb\"},\"inLanguage\":\"de-DE\",\"potentialAction\":[{\"@type\":\"ReadAction\",\"target\":[\"https:\/\/www.pronexos.com\/de\/uber\/akkreditierungen-und-mitgliedschaften\/\"]}]},{\"@type\":\"ImageObject\",\"inLanguage\":\"de-DE\",\"@id\":\"https:\/\/www.pronexos.com\/de\/uber\/akkreditierungen-und-mitgliedschaften\/#primaryimage\",\"url\":\"https:\/\/www.pronexos.com\/app\/uploads\/2020\/01\/banner.jpg\",\"contentUrl\":\"https:\/\/www.pronexos.com\/app\/uploads\/2020\/01\/banner.jpg\",\"width\":2730,\"height\":700},{\"@type\":\"BreadcrumbList\",\"@id\":\"https:\/\/www.pronexos.com\/de\/uber\/akkreditierungen-und-mitgliedschaften\/#breadcrumb\",\"itemListElement\":[{\"@type\":\"ListItem\",\"position\":1,\"name\":\"\u00dcber Pronexos\",\"item\":\"https:\/\/www.pronexos.com\/de\/uber\/\"},{\"@type\":\"ListItem\",\"position\":2,\"name\":\"Akkreditierungen und Mitgliedschaften\"}]},{\"@type\":\"WebSite\",\"@id\":\"https:\/\/www.pronexos.com\/#website\",\"url\":\"https:\/\/www.pronexos.com\/\",\"name\":\"Pronexos\",\"description\":\"Pronexos\",\"potentialAction\":[{\"@type\":\"SearchAction\",\"target\":{\"@type\":\"EntryPoint\",\"urlTemplate\":\"https:\/\/www.pronexos.com\/?s={search_term_string}\"},\"query-input\":{\"@type\":\"PropertyValueSpecification\",\"valueRequired\":true,\"valueName\":\"search_term_string\"}}],\"inLanguage\":\"de-DE\"}]}<\/script>\n<!-- \/ Yoast SEO plugin. -->","yoast_head_json":{"title":"Unsere Akkreditierungen und Mitgliedschaften \u2013 Pronexos","description":"Unsere Akkreditierungen und Mitgliedschaften \u2013 Pronexos","robots":{"index":"index","follow":"follow","max-snippet":"max-snippet:-1","max-image-preview":"max-image-preview:large","max-video-preview":"max-video-preview:-1"},"canonical":"https:\/\/www.pronexos.com\/de\/uber\/akkreditierungen-und-mitgliedschaften\/","og_locale":"de_DE","og_type":"article","og_title":"Unsere Akkreditierungen und Mitgliedschaften \u2013 Pronexos","og_description":"Unsere Akkreditierungen und Mitgliedschaften \u2013 Pronexos","og_url":"https:\/\/www.pronexos.com\/de\/uber\/akkreditierungen-und-mitgliedschaften\/","og_site_name":"Pronexos","article_modified_time":"2024-03-20T13:14:52+00:00","og_image":[{"width":2730,"height":700,"url":"https:\/\/www.pronexos.com\/app\/uploads\/2020\/01\/banner.jpg","type":"image\/jpeg"}],"twitter_card":"summary_large_image","schema":{"@context":"https:\/\/schema.org","@graph":[{"@type":"WebPage","@id":"https:\/\/www.pronexos.com\/de\/uber\/akkreditierungen-und-mitgliedschaften\/","url":"https:\/\/www.pronexos.com\/de\/uber\/akkreditierungen-und-mitgliedschaften\/","name":"Unsere Akkreditierungen und Mitgliedschaften \u2013 Pronexos","isPartOf":{"@id":"https:\/\/www.pronexos.com\/#website"},"primaryImageOfPage":{"@id":"https:\/\/www.pronexos.com\/de\/uber\/akkreditierungen-und-mitgliedschaften\/#primaryimage"},"image":{"@id":"https:\/\/www.pronexos.com\/de\/uber\/akkreditierungen-und-mitgliedschaften\/#primaryimage"},"thumbnailUrl":"https:\/\/www.pronexos.com\/app\/uploads\/2020\/01\/banner.jpg","datePublished":"2020-03-30T12:52:57+00:00","dateModified":"2024-03-20T13:14:52+00:00","description":"Unsere Akkreditierungen und Mitgliedschaften \u2013 Pronexos","breadcrumb":{"@id":"https:\/\/www.pronexos.com\/de\/uber\/akkreditierungen-und-mitgliedschaften\/#breadcrumb"},"inLanguage":"de-DE","potentialAction":[{"@type":"ReadAction","target":["https:\/\/www.pronexos.com\/de\/uber\/akkreditierungen-und-mitgliedschaften\/"]}]},{"@type":"ImageObject","inLanguage":"de-DE","@id":"https:\/\/www.pronexos.com\/de\/uber\/akkreditierungen-und-mitgliedschaften\/#primaryimage","url":"https:\/\/www.pronexos.com\/app\/uploads\/2020\/01\/banner.jpg","contentUrl":"https:\/\/www.pronexos.com\/app\/uploads\/2020\/01\/banner.jpg","width":2730,"height":700},{"@type":"BreadcrumbList","@id":"https:\/\/www.pronexos.com\/de\/uber\/akkreditierungen-und-mitgliedschaften\/#breadcrumb","itemListElement":[{"@type":"ListItem","position":1,"name":"\u00dcber Pronexos","item":"https:\/\/www.pronexos.com\/de\/uber\/"},{"@type":"ListItem","position":2,"name":"Akkreditierungen und Mitgliedschaften"}]},{"@type":"WebSite","@id":"https:\/\/www.pronexos.com\/#website","url":"https:\/\/www.pronexos.com\/","name":"Pronexos","description":"Pronexos","potentialAction":[{"@type":"SearchAction","target":{"@type":"EntryPoint","urlTemplate":"https:\/\/www.pronexos.com\/?s={search_term_string}"},"query-input":{"@type":"PropertyValueSpecification","valueRequired":true,"valueName":"search_term_string"}}],"inLanguage":"de-DE"}]}},"_links":{"self":[{"href":"https:\/\/www.pronexos.com\/de\/wp-json\/wp\/v2\/pages\/6088","targetHints":{"allow":["GET"]}}],"collection":[{"href":"https:\/\/www.pronexos.com\/de\/wp-json\/wp\/v2\/pages"}],"about":[{"href":"https:\/\/www.pronexos.com\/de\/wp-json\/wp\/v2\/types\/page"}],"author":[{"embeddable":true,"href":"https:\/\/www.pronexos.com\/de\/wp-json\/wp\/v2\/users\/1"}],"replies":[{"embeddable":true,"href":"https:\/\/www.pronexos.com\/de\/wp-json\/wp\/v2\/comments?post=6088"}],"version-history":[{"count":5,"href":"https:\/\/www.pronexos.com\/de\/wp-json\/wp\/v2\/pages\/6088\/revisions"}],"predecessor-version":[{"id":24720,"href":"https:\/\/www.pronexos.com\/de\/wp-json\/wp\/v2\/pages\/6088\/revisions\/24720"}],"up":[{"embeddable":true,"href":"https:\/\/www.pronexos.com\/de\/wp-json\/wp\/v2\/pages\/1475"}],"wp:featuredmedia":[{"embeddable":true,"href":"https:\/\/www.pronexos.com\/de\/wp-json\/wp\/v2\/media\/5179"}],"wp:attachment":[{"href":"https:\/\/www.pronexos.com\/de\/wp-json\/wp\/v2\/media?parent=6088"}],"curies":[{"name":"wp","href":"https:\/\/api.w.org\/{rel}","templated":true}]}}