{"id":1370,"date":"2018-01-01T18:01:57","date_gmt":"2018-01-01T18:01:57","guid":{"rendered":"https:\/\/pronexos.com\/produkte-dienstleistungen\/cfrp-rollers\/"},"modified":"2022-12-12T10:40:21","modified_gmt":"2022-12-12T10:40:21","slug":"cfk-walzen","status":"publish","type":"page","link":"https:\/\/www.pronexos.com\/de\/carbonfaser-cfk\/cfk-walzen\/","title":{"rendered":"CFK-Walzen"},"content":{"rendered":"<h2><strong>CFK-Walzen<\/strong><\/h2>\n<p class=\"standfirst\">Pronexos nutzt seine technischen F\u00e4higkeiten und umfangreichen Kapazit\u00e4ten f\u00fcr die Nasswicklung von Fasern zur Fertigung moderner, hochwertiger und leichter CFK-Walzen.<\/p>\n<h3><strong>F\u00e4higkeiten von Carbonfaserwalzen<\/strong><\/h3>\n<p>Die Nasswicklung von Fasern ist eine unserer Schl\u00fcsselkompetenzen, und wir verf\u00fcgen \u00fcber langj\u00e4hrige Erfahrung mit Verbundstoff- und Metallschnittstellen.<\/p>\n<ul>\n<li>Unsere hochfesten CFK-Walzen bieten Ihnen ein hervorragendes Preis-Leistungs-Verh\u00e4ltnis<\/li>\n<li>Auswuchten und weitere Tests erfolgen bei uns im Haus \u2013 wir liefern Ihnen alle Services aus einer Hand<\/li>\n<li>Wir bieten ein umfangreiches Angebot an Walzenbeschichtungen, die nach Kundenspezifikationen aufgebracht werden<\/li>\n<li>Unser moderner und bestens ausgestatteter Fertigungsstandort erm\u00f6glicht kurze und zuverl\u00e4ssige Lieferzeiten<\/li>\n<\/ul>\n<div class=\"container--grey container--padded\">\n<p>Wir bei Pronexos fertigen seit mehr als vier Jahrzehnten CFK-Rohre f\u00fcr Unternehmen aus dem Bereich der Gaszentrifugentechnologie und wir verf\u00fcgen \u00fcber umfangreiche Erfahrung mit der Fertigung von Walzen aller Gr\u00f6\u00dfen und Arten. Wir haben aber auch gro\u00dfe Erfahrung mit dem Produzieren f\u00fcr andere Sektoren, da wir zum Beispiel Antriebswellen und Schwungr\u00e4der aus Verbundwerkstoffen fertigen.<\/p>\n<\/div>\n<h3><strong>Spezifikationen unserer CFK-Walzen<\/strong><\/h3>\n<p>Wir liefern leichte Walzen und Wellen mit einer L\u00e4nge von bis zu 6000 mm, einem Mindestinnendurchmesser von 20 mm und einem Au\u00dfendurchmesser bis zu 600 mm.<\/p>\n<ul>\n<li>Als Fasern kommen unter anderem Glasfaser, HT, HM, UHM und UUHM zum Einsatz<\/li>\n<li>Automatisches Mischen, Dosieren und thermografische Bestimmung von Harzgemischen<\/li>\n<li>Hervorragende Laminat- und Oberfl\u00e4cheng\u00fcte f\u00fcr Gummi- und Keramikbeschichtungen<\/li>\n<\/ul>\n<h3><strong>Industriesektoren<\/strong><\/h3>\n<ul>\n<li>Druck<\/li>\n<li>Folienproduktion<\/li>\n<li>Papierproduktion<\/li>\n<li>Verarbeitende Industrie<\/li>\n<li>Textil \/ Vlies<\/li>\n<\/ul>\n<h3><strong>Ressourcen F\u00e4higkeiten<\/strong><\/h3>\n<p>Unsere hochmotivierten Teams aus Ingenieuren und Technikern liefern hochwertige L\u00f6sungen und nutzen ihr Wissen, ihre F\u00e4higkeiten und ihre Erfahrung zum Entwerfen von L\u00f6sungen, die den Kundenanforderungen genau entsprechen. Daf\u00fcr stehen ihnen folgende Ressourcen zur Verf\u00fcgung:<\/p>\n<ul>\n<li>3 Nasswickel-Linien und Zusatzger\u00e4te f\u00fcr gro\u00dfe Volumen<\/li>\n<li>Individuell angepasste Produktionseinrichtungen<\/li>\n<li>Auswuchtung im eigenen Haus f\u00fcr anspruchsvolle Spezifikationen<\/li>\n<li>Test der Materialien und Bauteile im eigenen Haus<\/li>\n<li>Produktion von Walzen und Buchsen<\/li>\n<li>Design-Studio zur Unterst\u00fctzung von Modellsimulation<\/li>\n<li>Walzenoberfl\u00e4chen nach Kundenanforderungen<\/li>\n<li>Fortlaufende Verbesserung durch Forschung, Entwicklung und Investitionen<\/li>\n<\/ul>\n<h3><strong>Carbonfaserwalzen vs. Stahlwalzen<\/strong><\/h3>\n<p>Unsere Kohlefaserwalzen bieten deutliche Vorteile gegen\u00fcber herk\u00f6mmlichen Stahlwalzen. Einige der Vorteile:<\/p>\n<ul>\n<li>Praktisch keine Frequenz\u00fcbertragung, daher k\u00f6nnen CFK-Walzen mit h\u00f6heren Drehzahlen laufen als Stahlwalzen<\/li>\n<li>Geringere Belastungen erh\u00f6hen die Lebensdauer und Effizienz von Motoren und Lagern deutlich<\/li>\n<li>Reduzierter Energieverbrauch dank des geringen Gewichts<\/li>\n<li>Das im Vergleich zu Stahlwalzen um 80 % geringere Gewicht sorgt f\u00fcr leichtere Handhabung und weniger Probleme f\u00fcr Gesundheit und Sicherheit bei der Umr\u00fcstung<\/li>\n<li>Carbonfaserwalzen beschleunigen deutlich schneller als Stahlwalzen<\/li>\n<\/ul>\n<p>&nbsp;<\/p>\n<table class=\"table\">\n<tbody>\n<tr>\n<td>CFK-Walzen von Pronexos<\/td>\n<\/tr>\n<tr>\n<td>Maximale L\u00e4nge: 6.000 mm<\/td>\n<\/tr>\n<tr>\n<td>Minimaler Innendurchmesser: 20 mm<\/td>\n<\/tr>\n<tr>\n<td>Maximaler Au\u00dfendurchmesser: 600 mm<\/td>\n<\/tr>\n<tr>\n<td>Fasern: Glasfaser, HT, HM, UHM, UUHM<\/td>\n<\/tr>\n<tr>\n<td>Leistungsf\u00e4hige Nasswicklung<\/td>\n<\/tr>\n<tr>\n<td>Wandst\u00e4rke: &gt; 0,5 mm<\/td>\n<\/tr>\n<tr>\n<td>Automatische Mischung und Dosierung von Harzen<\/td>\n<\/tr>\n<tr>\n<td>Hervorragende Laminat- und Oberfl\u00e4cheng\u00fcte f\u00fcr Gummibeschichtungen und ideale Oberfl\u00e4chenrauheit f\u00fcr Verharzungen<\/td>\n<\/tr>\n<\/tbody>\n<\/table>\n<p>Wenn Sie mehr \u00fcber unsere Carbonfaser-Walzen erfahren m\u00f6chen, dann laden Sie hier unsere <a href=\"https:\/\/www.pronexos.com\/app\/uploads\/2022\/12\/1_Pronexos_CFRP_Rollers_V3_LR.pdf\">CFK-Brosch\u00fcre<\/a> herunter.<\/p>\n","protected":false},"excerpt":{"rendered":"<p>Pronexos verf\u00fcgt \u00fcber jahrzehntelange Erfahrung in der Fertigung hochwertiger CFK-Rohre <\/p>\n","protected":false},"author":1,"featured_media":5760,"parent":13076,"menu_order":2,"comment_status":"closed","ping_status":"closed","template":"","meta":{"_acf_changed":false,"footnotes":""},"class_list":["post-1370","page","type-page","status-publish","has-post-thumbnail","hentry"],"acf":[],"yoast_head":"<!-- This site is optimized with the Yoast SEO plugin v25.0 - https:\/\/yoast.com\/wordpress\/plugins\/seo\/ -->\n<title>Carbonfaserwalzen - Pronexos<\/title>\n<meta name=\"description\" content=\"Pronexos verf\u00fcgt \u00fcber f\u00fcnf Jahrzehnte Erfahrung in der Fertigung moderner und hochwertiger CFK-Rohre f\u00fcr die Gaszentrifugentechnologie.\" \/>\n<meta name=\"robots\" content=\"index, follow, max-snippet:-1, max-image-preview:large, max-video-preview:-1\" \/>\n<link rel=\"canonical\" href=\"https:\/\/www.pronexos.com\/de\/carbonfaser-cfk\/cfk-walzen\/\" \/>\n<meta property=\"og:locale\" content=\"de_DE\" \/>\n<meta property=\"og:type\" content=\"article\" \/>\n<meta property=\"og:title\" content=\"Carbonfaserwalzen - Pronexos\" \/>\n<meta property=\"og:description\" content=\"Pronexos verf\u00fcgt \u00fcber f\u00fcnf Jahrzehnte Erfahrung in der Fertigung moderner und hochwertiger CFK-Rohre f\u00fcr die Gaszentrifugentechnologie.\" \/>\n<meta property=\"og:url\" content=\"https:\/\/www.pronexos.com\/de\/carbonfaser-cfk\/cfk-walzen\/\" \/>\n<meta property=\"og:site_name\" content=\"Pronexos\" \/>\n<meta property=\"article:modified_time\" content=\"2022-12-12T10:40:21+00:00\" \/>\n<meta property=\"og:image\" content=\"https:\/\/www.pronexos.com\/app\/uploads\/2020\/02\/rollers.jpg\" \/>\n\t<meta property=\"og:image:width\" content=\"2730\" \/>\n\t<meta property=\"og:image:height\" content=\"700\" \/>\n\t<meta property=\"og:image:type\" content=\"image\/jpeg\" \/>\n<meta name=\"twitter:card\" content=\"summary_large_image\" \/>\n<meta name=\"twitter:label1\" content=\"Est. reading time\" \/>\n\t<meta name=\"twitter:data1\" content=\"2 minutes\" \/>\n<script type=\"application\/ld+json\" class=\"yoast-schema-graph\">{\"@context\":\"https:\/\/schema.org\",\"@graph\":[{\"@type\":\"WebPage\",\"@id\":\"https:\/\/www.pronexos.com\/de\/carbonfaser-cfk\/cfk-walzen\/\",\"url\":\"https:\/\/www.pronexos.com\/de\/carbonfaser-cfk\/cfk-walzen\/\",\"name\":\"Carbonfaserwalzen - Pronexos\",\"isPartOf\":{\"@id\":\"https:\/\/www.pronexos.com\/#website\"},\"primaryImageOfPage\":{\"@id\":\"https:\/\/www.pronexos.com\/de\/carbonfaser-cfk\/cfk-walzen\/#primaryimage\"},\"image\":{\"@id\":\"https:\/\/www.pronexos.com\/de\/carbonfaser-cfk\/cfk-walzen\/#primaryimage\"},\"thumbnailUrl\":\"https:\/\/www.pronexos.com\/app\/uploads\/2020\/02\/rollers.jpg\",\"datePublished\":\"2018-01-01T18:01:57+00:00\",\"dateModified\":\"2022-12-12T10:40:21+00:00\",\"description\":\"Pronexos verf\u00fcgt \u00fcber f\u00fcnf Jahrzehnte Erfahrung in der Fertigung moderner und hochwertiger CFK-Rohre f\u00fcr die Gaszentrifugentechnologie.\",\"breadcrumb\":{\"@id\":\"https:\/\/www.pronexos.com\/de\/carbonfaser-cfk\/cfk-walzen\/#breadcrumb\"},\"inLanguage\":\"de-DE\",\"potentialAction\":[{\"@type\":\"ReadAction\",\"target\":[\"https:\/\/www.pronexos.com\/de\/carbonfaser-cfk\/cfk-walzen\/\"]}]},{\"@type\":\"ImageObject\",\"inLanguage\":\"de-DE\",\"@id\":\"https:\/\/www.pronexos.com\/de\/carbonfaser-cfk\/cfk-walzen\/#primaryimage\",\"url\":\"https:\/\/www.pronexos.com\/app\/uploads\/2020\/02\/rollers.jpg\",\"contentUrl\":\"https:\/\/www.pronexos.com\/app\/uploads\/2020\/02\/rollers.jpg\",\"width\":2730,\"height\":700,\"caption\":\"CFRP rollers\"},{\"@type\":\"BreadcrumbList\",\"@id\":\"https:\/\/www.pronexos.com\/de\/carbonfaser-cfk\/cfk-walzen\/#breadcrumb\",\"itemListElement\":[{\"@type\":\"ListItem\",\"position\":1,\"name\":\"Carbonfaser\",\"item\":\"https:\/\/www.pronexos.com\/de\/carbonfaser-cfk\/\"},{\"@type\":\"ListItem\",\"position\":2,\"name\":\"CFK-Walzen\"}]},{\"@type\":\"WebSite\",\"@id\":\"https:\/\/www.pronexos.com\/#website\",\"url\":\"https:\/\/www.pronexos.com\/\",\"name\":\"Pronexos\",\"description\":\"Pronexos\",\"potentialAction\":[{\"@type\":\"SearchAction\",\"target\":{\"@type\":\"EntryPoint\",\"urlTemplate\":\"https:\/\/www.pronexos.com\/?s={search_term_string}\"},\"query-input\":{\"@type\":\"PropertyValueSpecification\",\"valueRequired\":true,\"valueName\":\"search_term_string\"}}],\"inLanguage\":\"de-DE\"}]}<\/script>\n<!-- \/ Yoast SEO plugin. -->","yoast_head_json":{"title":"Carbonfaserwalzen - Pronexos","description":"Pronexos verf\u00fcgt \u00fcber f\u00fcnf Jahrzehnte Erfahrung in der Fertigung moderner und hochwertiger CFK-Rohre f\u00fcr die Gaszentrifugentechnologie.","robots":{"index":"index","follow":"follow","max-snippet":"max-snippet:-1","max-image-preview":"max-image-preview:large","max-video-preview":"max-video-preview:-1"},"canonical":"https:\/\/www.pronexos.com\/de\/carbonfaser-cfk\/cfk-walzen\/","og_locale":"de_DE","og_type":"article","og_title":"Carbonfaserwalzen - Pronexos","og_description":"Pronexos verf\u00fcgt \u00fcber f\u00fcnf Jahrzehnte Erfahrung in der Fertigung moderner und hochwertiger CFK-Rohre f\u00fcr die Gaszentrifugentechnologie.","og_url":"https:\/\/www.pronexos.com\/de\/carbonfaser-cfk\/cfk-walzen\/","og_site_name":"Pronexos","article_modified_time":"2022-12-12T10:40:21+00:00","og_image":[{"width":2730,"height":700,"url":"https:\/\/www.pronexos.com\/app\/uploads\/2020\/02\/rollers.jpg","type":"image\/jpeg"}],"twitter_card":"summary_large_image","twitter_misc":{"Est. reading time":"2 minutes"},"schema":{"@context":"https:\/\/schema.org","@graph":[{"@type":"WebPage","@id":"https:\/\/www.pronexos.com\/de\/carbonfaser-cfk\/cfk-walzen\/","url":"https:\/\/www.pronexos.com\/de\/carbonfaser-cfk\/cfk-walzen\/","name":"Carbonfaserwalzen - Pronexos","isPartOf":{"@id":"https:\/\/www.pronexos.com\/#website"},"primaryImageOfPage":{"@id":"https:\/\/www.pronexos.com\/de\/carbonfaser-cfk\/cfk-walzen\/#primaryimage"},"image":{"@id":"https:\/\/www.pronexos.com\/de\/carbonfaser-cfk\/cfk-walzen\/#primaryimage"},"thumbnailUrl":"https:\/\/www.pronexos.com\/app\/uploads\/2020\/02\/rollers.jpg","datePublished":"2018-01-01T18:01:57+00:00","dateModified":"2022-12-12T10:40:21+00:00","description":"Pronexos verf\u00fcgt \u00fcber f\u00fcnf Jahrzehnte Erfahrung in der Fertigung moderner und hochwertiger CFK-Rohre f\u00fcr die Gaszentrifugentechnologie.","breadcrumb":{"@id":"https:\/\/www.pronexos.com\/de\/carbonfaser-cfk\/cfk-walzen\/#breadcrumb"},"inLanguage":"de-DE","potentialAction":[{"@type":"ReadAction","target":["https:\/\/www.pronexos.com\/de\/carbonfaser-cfk\/cfk-walzen\/"]}]},{"@type":"ImageObject","inLanguage":"de-DE","@id":"https:\/\/www.pronexos.com\/de\/carbonfaser-cfk\/cfk-walzen\/#primaryimage","url":"https:\/\/www.pronexos.com\/app\/uploads\/2020\/02\/rollers.jpg","contentUrl":"https:\/\/www.pronexos.com\/app\/uploads\/2020\/02\/rollers.jpg","width":2730,"height":700,"caption":"CFRP rollers"},{"@type":"BreadcrumbList","@id":"https:\/\/www.pronexos.com\/de\/carbonfaser-cfk\/cfk-walzen\/#breadcrumb","itemListElement":[{"@type":"ListItem","position":1,"name":"Carbonfaser","item":"https:\/\/www.pronexos.com\/de\/carbonfaser-cfk\/"},{"@type":"ListItem","position":2,"name":"CFK-Walzen"}]},{"@type":"WebSite","@id":"https:\/\/www.pronexos.com\/#website","url":"https:\/\/www.pronexos.com\/","name":"Pronexos","description":"Pronexos","potentialAction":[{"@type":"SearchAction","target":{"@type":"EntryPoint","urlTemplate":"https:\/\/www.pronexos.com\/?s={search_term_string}"},"query-input":{"@type":"PropertyValueSpecification","valueRequired":true,"valueName":"search_term_string"}}],"inLanguage":"de-DE"}]}},"_links":{"self":[{"href":"https:\/\/www.pronexos.com\/de\/wp-json\/wp\/v2\/pages\/1370","targetHints":{"allow":["GET"]}}],"collection":[{"href":"https:\/\/www.pronexos.com\/de\/wp-json\/wp\/v2\/pages"}],"about":[{"href":"https:\/\/www.pronexos.com\/de\/wp-json\/wp\/v2\/types\/page"}],"author":[{"embeddable":true,"href":"https:\/\/www.pronexos.com\/de\/wp-json\/wp\/v2\/users\/1"}],"replies":[{"embeddable":true,"href":"https:\/\/www.pronexos.com\/de\/wp-json\/wp\/v2\/comments?post=1370"}],"version-history":[{"count":34,"href":"https:\/\/www.pronexos.com\/de\/wp-json\/wp\/v2\/pages\/1370\/revisions"}],"predecessor-version":[{"id":15270,"href":"https:\/\/www.pronexos.com\/de\/wp-json\/wp\/v2\/pages\/1370\/revisions\/15270"}],"up":[{"embeddable":true,"href":"https:\/\/www.pronexos.com\/de\/wp-json\/wp\/v2\/pages\/13076"}],"wp:featuredmedia":[{"embeddable":true,"href":"https:\/\/www.pronexos.com\/de\/wp-json\/wp\/v2\/media\/5760"}],"wp:attachment":[{"href":"https:\/\/www.pronexos.com\/de\/wp-json\/wp\/v2\/media?parent=1370"}],"curies":[{"name":"wp","href":"https:\/\/api.w.org\/{rel}","templated":true}]}}